{"id":5463,"date":"2026-01-29T13:15:18","date_gmt":"2026-01-29T12:15:18","guid":{"rendered":"https:\/\/af2.actiforce.shop\/student-discount\/"},"modified":"2026-02-12T13:19:17","modified_gmt":"2026-02-12T12:19:17","slug":"student-discount","status":"publish","type":"page","link":"https:\/\/af2.actiforce.shop\/en\/student-discount\/","title":{"rendered":"Student discount"},"content":{"rendered":"\t\t<div data-elementor-type=\"wp-page\" data-elementor-id=\"5463\" class=\"elementor elementor-5463 elementor-3884\" data-elementor-post-type=\"page\">\n\t\t\t\t<div class=\"elementor-element elementor-element-dde1437 e-con-full e-flex e-con e-parent\" data-id=\"dde1437\" data-element_type=\"container\" data-e-type=\"container\">\n\t\t<div class=\"elementor-element elementor-element-c6b84b4 e-con-full e-flex e-con e-child\" data-id=\"c6b84b4\" data-element_type=\"container\" data-e-type=\"container\" data-settings=\"{&quot;background_background&quot;:&quot;classic&quot;}\">\n\t\t\t\t<div class=\"elementor-element elementor-element-b3f3aa2 color-scheme-inherit text-left elementor-widget elementor-widget-text-editor\" data-id=\"b3f3aa2\" data-element_type=\"widget\" data-e-type=\"widget\" data-widget_type=\"text-editor.default\">\n\t\t\t\t\t\t\t\t\t<style>\/* -------------------------------------- *\/\n    \/* Basis-Styling f\u00fcr Actiforce CI (Rot: #e62c1c) *\/\n    \/* -------------------------------------- *\/\n    .actiforce-section {\n        padding: 20px 0;\n        color: #333;\n    }\n    .actiforce-h2 {\n        font-size: 28px;\n        color: #111;\n        margin-bottom: 15px;\n        border-bottom: 2px solid #e62c1c; \/* Actiforce Rot *\/\n        padding-bottom: 5px;\n        font-weight: 600;\n        margin-top: 30px;\n    }\n    .actiforce-h3 {\n        font-size: 22px;\n        color: #e62c1c; \/* Actiforce Rot *\/\n        margin-top: 25px;\n        margin-bottom: 15px;\n        font-weight: 600;\n    }\n    .actiforce-text {\n        line-height: 1.8;\n        font-size: 15px;\n        margin-bottom: 15px;\n    }\n    .actiforce-list {\n        list-style-type: disc;\n        margin-left: 20px;\n        padding: 0;\n        font-size: 15px;\n        line-height: 1.6;\n        margin-bottom: 20px;\n    }\n    .actiforce-highlight-box {\n        background-color: #fde5e3; \/* Heller Actiforce Rotton *\/\n        border-left: 5px solid #e62c1c;\n        padding: 20px;\n        margin-bottom: 30px;\n        font-size: 16px;\n        line-height: 1.6;\n        font-weight: bold;\n    }\n    .actiforce-steps {\n        list-style: none;\n        padding: 0;\n        counter-reset: step-counter;\n    }\n    .actiforce-steps li {\n        margin-bottom: 25px;\n        padding-left: 50px;\n        position: relative;\n        font-size: 16px;\n        line-height: 1.5;\n    }\n    .actiforce-steps li::before {\n        counter-increment: step-counter;\n        content: counter(step-counter);\n        position: absolute;\n        left: 0;\n        top: 0;\n        background-color: #e62c1c; \/* Actiforce Rot *\/\n        color: #fff;\n        width: 35px;\n        height: 35px;\n        border-radius: 50%;\n        text-align: center;\n        line-height: 35px;\n        font-weight: bold;\n        font-size: 18px;\n    }\n    .actiforce-form-area {\n        padding: 30px;\n        border: 1px solid #e62c1c;\n        border-radius: 8px;\n        margin-top: 40px;\n        background-color: #ffffff;\n    }\n    \n    \/* -------------------------------------- *\/\n    \/* MOBILE OPTIMIERUNG (MAX-WIDTH: 767PX) *\/\n    \/* -------------------------------------- *\/\n    @media (max-width: 767px) {\n        .actiforce-h2 {\n            font-size: 24px;\n        }\n        .actiforce-h3 {\n            font-size: 18px;\n        }\n        .actiforce-text, .actiforce-highlight-box, .actiforce-steps li {\n            font-size: 14px; \/* Reduziert f\u00fcr bessere Lesbarkeit mobil *\/\n        }\n    }\n<\/style><div class=\"actiforce-section\"><h2 class=\"actiforce-h2\" style=\"margin-top: 0;\">10% Studentenrabatt auf alles \u2013 Einfach verifiziert!<\/h2><p class=\"actiforce-text\">Wir unterst\u00fctzen Studierende dabei, auch bei langen Lerneinheiten und Schreibtischt\u00e4tigkeiten ergonomisch und gesund zu arbeiten. Deshalb schenken wir allen Studierenden 10% Rabatt auf unser gesamtes Sortiment!<\/p><div class=\"actiforce-highlight-box\">\ud83c\udf89 Ihr Studenten-Vorteil: Sie erhalten 10% Rabatt auf den gesamten Warenkorb, inklusive bereits reduzierter Sale-Artikel!\n    <\/div><h3 class=\"actiforce-h3\">So sichern Sie sich Ihren pers\u00f6nlichen Rabattcode<\/h3><p class=\"actiforce-text\">Die Verifizierung Ihres Studentenstatus erfolgt schnell und unkompliziert. Folgen Sie einfach diesen Schritten:<\/p><ol class=\"actiforce-steps\"><li>Formular ausf\u00fcllen: Tragen Sie sich unten in das Anmeldeformular ein.\n        <\/li><li>Hochschul-E-Mail nutzen: Verwenden Sie unbedingt Ihre offizielle E-Mail-Adresse Ihrer Fachhochschule oder Universit\u00e4t (z.B. @uni-muster.de, @fh-beispiel.edu).\n        <\/li><li>Nachweis anh\u00e4ngen (Optional): H\u00e4ngen Sie optional einen aktuellen Studentenausweis oder eine Immatrikulationsbescheinigung als Nachweis an (empfohlen f\u00fcr schnellere Pr\u00fcfung!).\n        <\/li><li>Pr\u00fcfung &#038; Versand: Unser Team pr\u00fcft Ihre Daten. Innerhalb von maximal 24 Stunden erhalten Sie Ihren pers\u00f6nlichen, an Ihre E-Mail-Adresse gebundenen Rabattcode.\n        <\/li><\/ol><h3 class=\"actiforce-h3\">Wichtiger Hinweis zur Rabattcode-Nutzung<\/h3><p class=\"actiforce-text\">Ihr Rabattcode ist personalisiert, um Missbrauch vorzubeugen. Bitte beachten Sie unbedingt folgende Regel:<\/p><div class=\"actiforce-highlight-box\" style=\"font-weight: normal; background-color: #fffff0; border-left-color: #e62c1c;\">Beim Bestellvorgang MUSS dieselbe E-Mail-Adresse verwendet werden, mit der Sie sich registriert haben. Der Code funktioniert nur in Kombination mit dieser E-Mail-Adresse.\n    <\/div><h3 class=\"actiforce-h3\">Jetzt registrieren und 10% Rabatt erhalten<\/h3>\t\t\t\t\t\t\t\t<\/div>\n\t\t\t\t<div class=\"elementor-element elementor-element-870a6ca elementor-align-center elementor-widget elementor-widget-button\" data-id=\"870a6ca\" data-element_type=\"widget\" data-e-type=\"widget\" data-widget_type=\"button.default\">\n\t\t\t\t\t\t\t\t\t\t<a class=\"elementor-button elementor-button-link elementor-size-sm\" href=\"#\">\n\t\t\t\t\t\t<span class=\"elementor-button-content-wrapper\">\n\t\t\t\t\t\t\t\t\t<span class=\"elementor-button-text\">Secure your student discount now!<\/span>\n\t\t\t\t\t<\/span>\n\t\t\t\t\t<\/a>\n\t\t\t\t\t\t\t\t<\/div>\n\t\t\t\t<\/div>\n\t\t\t\t<\/div>\n\t\t\t\t<\/div>\n\t\t","protected":false},"excerpt":{"rendered":"<p>10% Studentenrabatt auf alles \u2013 Einfach verifiziert! Wir unterst\u00fctzen Studierende dabei, auch bei langen Lerneinheiten und Schreibtischt\u00e4tigkeiten ergonomisch und gesund<\/p>\n","protected":false},"author":1,"featured_media":0,"parent":0,"menu_order":0,"comment_status":"closed","ping_status":"closed","template":"","meta":{"_acf_changed":false,"footnotes":""},"class_list":["post-5463","page","type-page","status-publish","hentry"],"acf":[],"_links":{"self":[{"href":"https:\/\/af2.actiforce.shop\/en\/wp-json\/wp\/v2\/pages\/5463","targetHints":{"allow":["GET"]}}],"collection":[{"href":"https:\/\/af2.actiforce.shop\/en\/wp-json\/wp\/v2\/pages"}],"about":[{"href":"https:\/\/af2.actiforce.shop\/en\/wp-json\/wp\/v2\/types\/page"}],"author":[{"embeddable":true,"href":"https:\/\/af2.actiforce.shop\/en\/wp-json\/wp\/v2\/users\/1"}],"replies":[{"embeddable":true,"href":"https:\/\/af2.actiforce.shop\/en\/wp-json\/wp\/v2\/comments?post=5463"}],"version-history":[{"count":1,"href":"https:\/\/af2.actiforce.shop\/en\/wp-json\/wp\/v2\/pages\/5463\/revisions"}],"predecessor-version":[{"id":5464,"href":"https:\/\/af2.actiforce.shop\/en\/wp-json\/wp\/v2\/pages\/5463\/revisions\/5464"}],"wp:attachment":[{"href":"https:\/\/af2.actiforce.shop\/en\/wp-json\/wp\/v2\/media?parent=5463"}],"curies":[{"name":"wp","href":"https:\/\/api.w.org\/{rel}","templated":true}]}}