{"id":5438,"date":"2026-01-29T13:27:42","date_gmt":"2026-01-29T12:27:42","guid":{"rendered":"https:\/\/af2.actiforce.shop\/dropshipping\/"},"modified":"2026-02-12T13:02:53","modified_gmt":"2026-02-12T12:02:53","slug":"dropshipping","status":"publish","type":"page","link":"https:\/\/af2.actiforce.shop\/en\/dropshipping\/","title":{"rendered":"Dropshipping"},"content":{"rendered":"\t\t<div data-elementor-type=\"wp-page\" data-elementor-id=\"5438\" class=\"elementor elementor-5438 elementor-3919\" data-elementor-post-type=\"page\">\n\t\t\t\t<div class=\"elementor-element elementor-element-576bd89 e-con-full e-flex e-con e-parent\" data-id=\"576bd89\" data-element_type=\"container\" data-e-type=\"container\">\n\t\t<div class=\"elementor-element elementor-element-91d5464 e-con-full e-flex e-con e-child\" data-id=\"91d5464\" data-element_type=\"container\" data-e-type=\"container\" data-settings=\"{&quot;background_background&quot;:&quot;classic&quot;}\">\n\t\t\t\t<div class=\"elementor-element elementor-element-935a61f color-scheme-inherit text-left elementor-widget elementor-widget-text-editor\" data-id=\"935a61f\" data-element_type=\"widget\" data-e-type=\"widget\" data-widget_type=\"text-editor.default\">\n\t\t\t\t\t\t\t\t\t<style>\/* -------------------------------------- *\/\n    \/* Basis-Styling f\u00fcr Actiforce CI (Rot: #e62c1c) *\/\n    \/* -------------------------------------- *\/\n    .actiforce-section {\n        padding: 20px 0;\n        color: #333;\n    }\n    .actiforce-h2 {\n        font-size: 28px;\n        color: #111;\n        margin-bottom: 15px;\n        border-bottom: 2px solid #e62c1c; \/* Actiforce Rot *\/\n        padding-bottom: 5px;\n        font-weight: 600;\n        margin-top: 30px;\n    }\n    .actiforce-h3 {\n        font-size: 22px;\n        color: #e62c1c; \/* Actiforce Rot *\/\n        margin-top: 25px;\n        margin-bottom: 15px;\n        font-weight: 600;\n    }\n    .actiforce-text {\n        line-height: 1.8;\n        font-size: 15px;\n        margin-bottom: 15px;\n    }\n    .actiforce-list {\n        list-style-type: disc;\n        margin-left: 20px;\n        padding: 0;\n        font-size: 15px;\n        line-height: 1.6;\n        margin-bottom: 20px;\n    }\n    .actiforce-highlight-box {\n        background-color: #fde5e3; \/* Heller Actiforce Rotton *\/\n        border-left: 5px solid #e62c1c;\n        padding: 20px;\n        margin-bottom: 30px;\n        font-size: 16px;\n        line-height: 1.6;\n    }\n    .actiforce-warning {\n        padding: 15px;\n        border: 2px solid #e62c1c;\n        background-color: #ffeaea;\n        margin-top: 20px;\n        margin-bottom: 30px;\n        font-size: 16px;\n        font-weight: bold;\n        line-height: 1.5;\n    }\n    .actiforce-steps {\n        list-style: none;\n        padding: 0;\n        counter-reset: step-counter;\n    }\n    .actiforce-steps li {\n        margin-bottom: 25px;\n        padding-left: 50px;\n        position: relative;\n        font-size: 16px;\n        line-height: 1.5;\n    }\n    .actiforce-steps li::before {\n        counter-increment: step-counter;\n        content: counter(step-counter);\n        position: absolute;\n        left: 0;\n        top: 0;\n        background-color: #e62c1c; \/* Actiforce Rot *\/\n        color: #fff;\n        width: 35px;\n        height: 35px;\n        border-radius: 50%;\n        text-align: center;\n        line-height: 35px;\n        font-weight: bold;\n        font-size: 18px;\n    }\n    \n    \/* -------------------------------------- *\/\n    \/* MOBILE OPTIMIERUNG (MAX-WIDTH: 767PX) *\/\n    \/* -------------------------------------- *\/\n    @media (max-width: 767px) {\n        .actiforce-h2 {\n            font-size: 24px;\n        }\n        .actiforce-h3 {\n            font-size: 18px;\n        }\n        .actiforce-text, .actiforce-highlight-box, .actiforce-warning, .actiforce-steps li {\n            font-size: 14px; \/* Reduziert f\u00fcr bessere Lesbarkeit mobil *\/\n        }\n    }\n<\/style><div class=\"actiforce-section\"><h2 class=\"actiforce-h2\" style=\"margin-top: 0;\">Werden Sie Actiforce Dropshipping-Partner<\/h2><div class=\"actiforce-highlight-box\"><p>Sie betreiben einen eigenen Webshop und m\u00f6chten Ihr Sortiment um hochwertige, ergonomische Schreibtische und Zubeh\u00f6r erweitern? Werden Sie Teil unseres Dropshipping-Programms und profitieren Sie von unserem Lagerbestand, ohne eigenes Kapital binden zu m\u00fcssen!<\/p><\/div><h3 class=\"actiforce-h3\">Was ist Dropshipping?<\/h3><p class=\"actiforce-text\">Dropshipping ist ein Vertriebsmodell, bei dem Sie als H\u00e4ndler Produkte in Ihrem eigenen Webshop anbieten, ohne diese selbst lagern zu m\u00fcssen. Sobald ein Kunde bei Ihnen bestellt, leiten Sie die Bestellung an uns (Actiforce) weiter. Wir k\u00fcmmern uns direkt um die Lagerung, Verpackung und den Versand der Ware an Ihren Endkunden. Sie sparen dadurch Lagerkosten und logistischen Aufwand.<\/p><h3 class=\"actiforce-h3\">Wer kann Actiforce Partner werden?<\/h3><p class=\"actiforce-text\">Unser Dropshipping-Programm richtet sich an gewerbliche E-Commerce-H\u00e4ndler und Shop-Betreiber, die unsere ergonomischen Produkte in einem professionellen Umfeld anbieten m\u00f6chten.<\/p><div class=\"actiforce-highlight-box\">Grunds\u00e4tzlich gilt: Jeder Betreiber eines eigenen Webshops (z.B. WooCommerce, Shopify etc.) kann sich bei uns registrieren.\n    <\/div><h3 class=\"actiforce-h3\">Wichtige Bedingungen und Einschr\u00e4nkungen<\/h3><div class=\"actiforce-warning\">WICHTIG: Verkauf \u00fcber Marktpl\u00e4tze nicht gestattet\n        <p style=\"margin-top: 10px; margin-bottom: 0;\">Der Verkauf unserer Produkte \u00fcber Drittanbieter-Plattformen wie Amazon, eBay, Etsy, Kaufland oder \u00e4hnliche Marktpl\u00e4tze ist im Rahmen dieses Partnerprogramms nicht erlaubt.<\/p><\/div><p class=\"actiforce-text\">Wir legen Wert auf eine professionelle Pr\u00e4sentation und Markenidentit\u00e4t, die wir nur in dedizierten, selbst betriebenen Webshops gew\u00e4hrleisten k\u00f6nnen.<\/p><h3 class=\"actiforce-h3\">Automatisierter Produkt-Import und Datenpflege<\/h3><p class=\"actiforce-text\">Um Ihnen den Start zu erleichtern und den Verwaltungsaufwand gering zu halten, stellen wir Ihnen aktuelle Produkt-, Preis- und Lagerdaten in g\u00e4ngigen Formaten zur Verf\u00fcgung.<\/p><ul class=\"actiforce-list\"><li>Initialer Produkt-Import: Wir bieten Ihnen eine XML-Datei sowie eine CSV-Datei an. Dies erleichtert den einmaligen Import unseres gesamten Sortiments in Ihren Webshop und nimmt Ihnen viel manuelle Arbeit ab.<\/li><li>Aktuelle Daten: Die bereitgestellten Feeds (XML\/CSV) werden regelm\u00e4\u00dfig aktualisiert. So k\u00f6nnen Sie sicherstellen, dass die bei Ihnen angezeigten Lagerbest\u00e4nde und Preise jederzeit korrekt sind.<\/li><\/ul><h3 class=\"actiforce-h3\">Ihr Weg zum Actiforce Dropshipping-Partner<\/h3><ol class=\"actiforce-steps\"><li>Registrierung: Nutzen Sie unser Partner-Registrierungsformular, um uns alle relevanten Informationen zu Ihrem Unternehmen und Ihrem Webshop mitzuteilen.\n        <\/li><li>Pr\u00fcfung durch unser Team: Nach Eingang Ihrer Registrierung wird unser Actiforce Team diese sorgf\u00e4ltig pr\u00fcfen, um die Einhaltung unserer Partnerrichtlinien sicherzustellen.\n        <\/li><li>R\u00fcckmeldung und Freischaltung: Wir setzen uns nach erfolgreicher Pr\u00fcfung zeitnah mit Ihnen in Verbindung, um Sie im Programm willkommen zu hei\u00dfen und alle weiteren Schritte zu besprechen.\n        <\/li><\/ol><h3 class=\"actiforce-h3\">Transparenz bei den Einkaufspreisen<\/h3><div class=\"actiforce-text\"><p>Wir bitten um Ihr Verst\u00e4ndnis: Die detaillierten Einkaufspreise und Konditionen werden unseren Partnern erst nach der erfolgreichen Pr\u00fcfung und Freischaltung des Accounts mitgeteilt.<\/p><p>Dieser Schritt gew\u00e4hrleistet, dass wir unsere exklusiven Partnerkonditionen nur an verifizierte und freigegebene H\u00e4ndler weitergeben.<\/p><\/div><p class=\"actiforce-text\" style=\"text-align: center; margin-top: 40px; font-weight: bold;\">Starten Sie jetzt und erweitern Sie Ihr Sortiment um die hochwertigen Produkte von Actiforce!<br\/>Zum Starten tragen sie sich jetzt hier ein!\n    <\/p><\/div>\t\t\t\t\t\t\t\t<\/div>\n\t\t\t\t<div class=\"elementor-element elementor-element-208bbe9 elementor-align-center elementor-widget elementor-widget-button\" data-id=\"208bbe9\" data-element_type=\"widget\" data-e-type=\"widget\" data-widget_type=\"button.default\">\n\t\t\t\t\t\t\t\t\t\t<a class=\"elementor-button elementor-button-link elementor-size-sm\" href=\"#elementor-action%3Aaction%3Dpopup%3Aopen%26settings%3DeyJpZCI6NTIxMSwidG9nZ2xlIjpmYWxzZX0%3D\">\n\t\t\t\t\t\t<span class=\"elementor-button-content-wrapper\">\n\t\t\t\t\t\t\t\t\t<span class=\"elementor-button-text\">Become a dropshipper<\/span>\n\t\t\t\t\t<\/span>\n\t\t\t\t\t<\/a>\n\t\t\t\t\t\t\t\t<\/div>\n\t\t\t\t<\/div>\n\t\t\t\t<\/div>\n\t\t\t\t<\/div>\n\t\t","protected":false},"excerpt":{"rendered":"<p>Werden Sie Actiforce Dropshipping-Partner Sie betreiben einen eigenen Webshop und m\u00f6chten Ihr Sortiment um hochwertige, ergonomische Schreibtische und Zubeh\u00f6r erweitern?<\/p>\n","protected":false},"author":1,"featured_media":0,"parent":0,"menu_order":0,"comment_status":"closed","ping_status":"closed","template":"","meta":{"_acf_changed":false,"footnotes":""},"class_list":["post-5438","page","type-page","status-publish","hentry"],"acf":[],"_links":{"self":[{"href":"https:\/\/af2.actiforce.shop\/en\/wp-json\/wp\/v2\/pages\/5438","targetHints":{"allow":["GET"]}}],"collection":[{"href":"https:\/\/af2.actiforce.shop\/en\/wp-json\/wp\/v2\/pages"}],"about":[{"href":"https:\/\/af2.actiforce.shop\/en\/wp-json\/wp\/v2\/types\/page"}],"author":[{"embeddable":true,"href":"https:\/\/af2.actiforce.shop\/en\/wp-json\/wp\/v2\/users\/1"}],"replies":[{"embeddable":true,"href":"https:\/\/af2.actiforce.shop\/en\/wp-json\/wp\/v2\/comments?post=5438"}],"version-history":[{"count":1,"href":"https:\/\/af2.actiforce.shop\/en\/wp-json\/wp\/v2\/pages\/5438\/revisions"}],"predecessor-version":[{"id":5439,"href":"https:\/\/af2.actiforce.shop\/en\/wp-json\/wp\/v2\/pages\/5438\/revisions\/5439"}],"wp:attachment":[{"href":"https:\/\/af2.actiforce.shop\/en\/wp-json\/wp\/v2\/media?parent=5438"}],"curies":[{"name":"wp","href":"https:\/\/api.w.org\/{rel}","templated":true}]}}